{"id":3824,"date":"2025-06-05T17:49:24","date_gmt":"2025-06-05T17:49:24","guid":{"rendered":"https:\/\/clinicacarolinaferrer.com\/?page_id=3824"},"modified":"2025-06-18T15:00:55","modified_gmt":"2025-06-18T15:00:55","slug":"blog","status":"publish","type":"page","link":"https:\/\/clinicacarolinaferrer.com\/fr\/blog\/","title":{"rendered":"Blog"},"content":{"rendered":"\t\t<div data-elementor-type=\"wp-page\" data-elementor-id=\"3824\" class=\"elementor elementor-3824 elementor-3607\" data-elementor-post-type=\"page\">\n\t\t\t\t<div data-particle_enable=\"false\" data-particle-mobile-disabled=\"false\" class=\"elementor-element elementor-element-a58521e e-flex e-con-boxed e-con e-parent\" data-id=\"a58521e\" data-element_type=\"container\" data-e-type=\"container\" data-settings=\"{&quot;background_background&quot;:&quot;classic&quot;,&quot;jet_parallax_layout_list&quot;:[]}\">\n\t\t\t\t\t<div class=\"e-con-inner\">\n\t\t<div data-particle_enable=\"false\" data-particle-mobile-disabled=\"false\" class=\"elementor-element elementor-element-d1a6db5 e-con-full e-flex e-con e-child\" data-id=\"d1a6db5\" data-element_type=\"container\" data-e-type=\"container\" data-settings=\"{&quot;jet_parallax_layout_list&quot;:[]}\">\n\t\t<div data-particle_enable=\"false\" data-particle-mobile-disabled=\"false\" class=\"elementor-element elementor-element-ba7e016 e-con-full e-flex e-con e-child\" data-id=\"ba7e016\" data-element_type=\"container\" data-e-type=\"container\" data-settings=\"{&quot;jet_parallax_layout_list&quot;:[]}\">\n\t\t\t\t<div class=\"elementor-element elementor-element-77e3bdd elementor-widget elementor-widget-heading\" data-id=\"77e3bdd\" data-element_type=\"widget\" data-e-type=\"widget\" data-widget_type=\"heading.default\">\n\t\t\t\t\t<h1 class=\"elementor-heading-title elementor-size-default\">Blog de Carolina Ferrer<\/h1>\t\t\t\t<\/div>\n\t\t\t\t<\/div>\n\t\t\t\t<\/div>\n\t\t\t\t\t<\/div>\n\t\t\t\t<\/div>\n\t\t<div data-particle_enable=\"false\" data-particle-mobile-disabled=\"false\" class=\"elementor-element elementor-element-f532bed e-flex e-con-boxed e-con e-parent\" data-id=\"f532bed\" data-element_type=\"container\" data-e-type=\"container\" data-settings=\"{&quot;jet_parallax_layout_list&quot;:[]}\">\n\t\t\t\t\t<div class=\"e-con-inner\">\n\t\t<div data-particle_enable=\"false\" data-particle-mobile-disabled=\"false\" class=\"elementor-element elementor-element-3192c23 e-con-full e-flex e-con e-child\" data-id=\"3192c23\" data-element_type=\"container\" data-e-type=\"container\" data-settings=\"{&quot;jet_parallax_layout_list&quot;:[]}\">\n\t\t\t\t<div class=\"elementor-element elementor-element-1f637fb elementor-grid-1 elementor-grid-tablet-2 elementor-grid-mobile-1 elementor-posts--thumbnail-top elementor-card-shadow-yes elementor-posts__hover-gradient elementor-widget elementor-widget-posts\" data-id=\"1f637fb\" data-element_type=\"widget\" data-e-type=\"widget\" data-settings=\"{&quot;cards_columns&quot;:&quot;1&quot;,&quot;cards_columns_tablet&quot;:&quot;2&quot;,&quot;cards_columns_mobile&quot;:&quot;1&quot;,&quot;cards_row_gap&quot;:{&quot;unit&quot;:&quot;px&quot;,&quot;size&quot;:35,&quot;sizes&quot;:[]},&quot;cards_row_gap_tablet&quot;:{&quot;unit&quot;:&quot;px&quot;,&quot;size&quot;:&quot;&quot;,&quot;sizes&quot;:[]},&quot;cards_row_gap_mobile&quot;:{&quot;unit&quot;:&quot;px&quot;,&quot;size&quot;:&quot;&quot;,&quot;sizes&quot;:[]}}\" data-widget_type=\"posts.cards\">\n\t\t\t\t<div class=\"elementor-widget-container\">\n\t\t\t\t\t\t\t<div class=\"elementor-posts-container elementor-posts elementor-posts--skin-cards elementor-grid\">\n\t\t\t\t<article class=\"elementor-post elementor-grid-item post-3705 post type-post status-publish format-standard has-post-thumbnail hentry category-blog-fr\">\n\t\t\t<div class=\"elementor-post__card\">\n\t\t\t\t<a class=\"elementor-post__thumbnail__link\" href=\"https:\/\/clinicacarolinaferrer.com\/fr\/__trashed\/\" tabindex=\"-1\" ><div class=\"elementor-post__thumbnail\"><img fetchpriority=\"high\" decoding=\"async\" width=\"1900\" height=\"600\" src=\"https:\/\/clinicacarolinaferrer.com\/wp-content\/uploads\/2025\/06\/Diseno-sin-titulo.jpg\" class=\"attachment-full size-full wp-image-3549\" alt=\"Salud dental\" srcset=\"https:\/\/clinicacarolinaferrer.com\/wp-content\/uploads\/2025\/06\/Diseno-sin-titulo.jpg 1900w, https:\/\/clinicacarolinaferrer.com\/wp-content\/uploads\/2025\/06\/Diseno-sin-titulo-300x95.jpg 300w, https:\/\/clinicacarolinaferrer.com\/wp-content\/uploads\/2025\/06\/Diseno-sin-titulo-1024x323.jpg 1024w, https:\/\/clinicacarolinaferrer.com\/wp-content\/uploads\/2025\/06\/Diseno-sin-titulo-768x243.jpg 768w, https:\/\/clinicacarolinaferrer.com\/wp-content\/uploads\/2025\/06\/Diseno-sin-titulo-1536x485.jpg 1536w\" sizes=\"(max-width: 1900px) 100vw, 1900px\" \/><\/div><\/a>\n\t\t\t\t<div class=\"elementor-post__text\">\n\t\t\t\t<h3 class=\"elementor-post__title\">\n\t\t\t<a href=\"https:\/\/clinicacarolinaferrer.com\/fr\/__trashed\/\" >\n\t\t\t\tPr\u00e9vention des Maladies et Maintien de la Sant\u00e9 Dentaire : Un Engagement Quotidien\t\t\t<\/a>\n\t\t<\/h3>\n\t\t\t\t<div class=\"elementor-post__excerpt\">\n\t\t\t<p>La sant\u00e9 dentaire est souvent n\u00e9glig\u00e9e, mais elle joue un r\u00f4le crucial dans notre bien-\u00eatre g\u00e9n\u00e9ral. Des dents saines ne se limitent pas \u00e0 un sourire esth\u00e9tique ; elles sont aussi fondamentales pour la digestion, la communication et m\u00eame la confiance en soi. En outre, une mauvaise sant\u00e9 bucco-dentaire est li\u00e9e \u00e0 diverses maladies syst\u00e9miques. Dans cet article, nous examinerons les meilleures pratiques pour pr\u00e9venir les maladies et maintenir une sant\u00e9 dentaire optimale. Comprendre le lien entre sant\u00e9 dentaire et sant\u00e9 g\u00e9n\u00e9rale La sant\u00e9 bucco-dentaire ne se limite pas \u00e0 la bouche. Des \u00e9tudes ont montr\u00e9 qu&rsquo;une mauvaise hygi\u00e8ne buccale peut contribuer au d\u00e9veloppement de maladies cardiovasculaires, de diab\u00e8te et m\u00eame de troubles respiratoires. Les bact\u00e9ries pr\u00e9sentes dans la plaque dentaire peuvent entrer dans la circulation sanguine et affecter d&rsquo;autres parties du corps. Cette interconnexion souligne l&rsquo;importance de prendre soin de ses dents et gencives. Les bonnes pratiques pour une<\/p>\n\t\t<\/div>\n\t\t\n\t\t<a class=\"elementor-post__read-more\" href=\"https:\/\/clinicacarolinaferrer.com\/fr\/__trashed\/\" aria-label=\"En savoir plus sur Pr\u00e9vention des Maladies et Maintien de la Sant\u00e9 Dentaire : Un Engagement Quotidien\" tabindex=\"-1\" >\n\t\t\tLeer m\u00e1s \u00bb\t\t<\/a>\n\n\t\t\t\t<\/div>\n\t\t\t\t<div class=\"elementor-post__meta-data\">\n\t\t\t\t\t<span class=\"elementor-post-date\">\n\t\t\t5 de juin de 2025\t\t<\/span>\n\t\t\t\t<\/div>\n\t\t\t\t\t<\/div>\n\t\t<\/article>\n\t\t\t\t<\/div>\n\t\t\n\t\t\t\t\t\t<\/div>\n\t\t\t\t<\/div>\n\t\t\t\t<\/div>\n\t\t\t\t\t<\/div>\n\t\t\t\t<\/div>\n\t\t\t\t<\/div>\n\t\t","protected":false},"excerpt":{"rendered":"<p>Blog de Carolina Ferrer<\/p>\n","protected":false},"author":1,"featured_media":0,"parent":0,"menu_order":0,"comment_status":"closed","ping_status":"closed","template":"","meta":{"inline_featured_image":false,"footnotes":""},"class_list":["post-3824","page","type-page","status-publish","hentry"],"yoast_head":"<!-- This site is optimized with the Yoast SEO Premium plugin v21.3 (Yoast SEO v27.4) - https:\/\/yoast.com\/product\/yoast-seo-premium-wordpress\/ -->\n<title>Blog - Cl\u00ednica Dental Carolina Ferrer<\/title>\n<meta name=\"description\" content=\"Blog de Carolina Ferrer\" \/>\n<meta name=\"robots\" content=\"index, follow, max-snippet:-1, max-image-preview:large, max-video-preview:-1\" \/>\n<link rel=\"canonical\" href=\"https:\/\/clinicacarolinaferrer.com\/fr\/blog\/\" \/>\n<meta property=\"og:locale\" content=\"fr_FR\" \/>\n<meta property=\"og:type\" content=\"article\" \/>\n<meta property=\"og:title\" content=\"Blog\" \/>\n<meta property=\"og:description\" content=\"Blog de Carolina Ferrer\" \/>\n<meta property=\"og:url\" content=\"https:\/\/clinicacarolinaferrer.com\/fr\/blog\/\" \/>\n<meta property=\"og:site_name\" content=\"Cl\u00ednica Dental Carolina Ferrer\" \/>\n<meta property=\"article:modified_time\" content=\"2025-06-18T15:00:55+00:00\" \/>\n<meta name=\"twitter:card\" content=\"summary_large_image\" \/>\n<meta name=\"twitter:label1\" content=\"Dur\u00e9e de lecture estim\u00e9e\" \/>\n\t<meta name=\"twitter:data1\" content=\"1 minute\" \/>\n<script type=\"application\/ld+json\" class=\"yoast-schema-graph\">{\"@context\":\"https:\\\/\\\/schema.org\",\"@graph\":[{\"@type\":\"WebPage\",\"@id\":\"https:\\\/\\\/clinicacarolinaferrer.com\\\/fr\\\/blog\\\/\",\"url\":\"https:\\\/\\\/clinicacarolinaferrer.com\\\/fr\\\/blog\\\/\",\"name\":\"Blog - Cl\u00ednica Dental Carolina Ferrer\",\"isPartOf\":{\"@id\":\"https:\\\/\\\/clinicacarolinaferrer.com\\\/#website\"},\"datePublished\":\"2025-06-05T17:49:24+00:00\",\"dateModified\":\"2025-06-18T15:00:55+00:00\",\"description\":\"Blog de Carolina Ferrer\",\"breadcrumb\":{\"@id\":\"https:\\\/\\\/clinicacarolinaferrer.com\\\/fr\\\/blog\\\/#breadcrumb\"},\"inLanguage\":\"fr-FR\",\"potentialAction\":[{\"@type\":\"ReadAction\",\"target\":[\"https:\\\/\\\/clinicacarolinaferrer.com\\\/fr\\\/blog\\\/\"]}]},{\"@type\":\"BreadcrumbList\",\"@id\":\"https:\\\/\\\/clinicacarolinaferrer.com\\\/fr\\\/blog\\\/#breadcrumb\",\"itemListElement\":[{\"@type\":\"ListItem\",\"position\":1,\"name\":\"Inicio\",\"item\":\"https:\\\/\\\/clinicacarolinaferrer.com\\\/fr\\\/\"},{\"@type\":\"ListItem\",\"position\":2,\"name\":\"Blog\"}]},{\"@type\":\"WebSite\",\"@id\":\"https:\\\/\\\/clinicacarolinaferrer.com\\\/#website\",\"url\":\"https:\\\/\\\/clinicacarolinaferrer.com\\\/\",\"name\":\"Cl\u00ednica Dental Carolina Ferrer\",\"description\":\"Tu dentista de confianza, referencia en su sector.\",\"publisher\":{\"@id\":\"https:\\\/\\\/clinicacarolinaferrer.com\\\/#organization\"},\"potentialAction\":[{\"@type\":\"SearchAction\",\"target\":{\"@type\":\"EntryPoint\",\"urlTemplate\":\"https:\\\/\\\/clinicacarolinaferrer.com\\\/?s={search_term_string}\"},\"query-input\":{\"@type\":\"PropertyValueSpecification\",\"valueRequired\":true,\"valueName\":\"search_term_string\"}}],\"inLanguage\":\"fr-FR\"},{\"@type\":\"Organization\",\"@id\":\"https:\\\/\\\/clinicacarolinaferrer.com\\\/#organization\",\"name\":\"Cl\u00ednica Dental Carolina Ferrer\",\"url\":\"https:\\\/\\\/clinicacarolinaferrer.com\\\/\",\"logo\":{\"@type\":\"ImageObject\",\"inLanguage\":\"fr-FR\",\"@id\":\"https:\\\/\\\/clinicacarolinaferrer.com\\\/#\\\/schema\\\/logo\\\/image\\\/\",\"url\":\"https:\\\/\\\/clinicacarolinaferrer.com\\\/wp-content\\\/uploads\\\/2023\\\/10\\\/Logo-web@2x.png\",\"contentUrl\":\"https:\\\/\\\/clinicacarolinaferrer.com\\\/wp-content\\\/uploads\\\/2023\\\/10\\\/Logo-web@2x.png\",\"width\":250,\"height\":250,\"caption\":\"Cl\u00ednica Dental Carolina Ferrer\"},\"image\":{\"@id\":\"https:\\\/\\\/clinicacarolinaferrer.com\\\/#\\\/schema\\\/logo\\\/image\\\/\"}}]}<\/script>\n<!-- \/ Yoast SEO Premium plugin. -->","yoast_head_json":{"title":"Blog - Cl\u00ednica Dental Carolina Ferrer","description":"Blog de Carolina Ferrer","robots":{"index":"index","follow":"follow","max-snippet":"max-snippet:-1","max-image-preview":"max-image-preview:large","max-video-preview":"max-video-preview:-1"},"canonical":"https:\/\/clinicacarolinaferrer.com\/fr\/blog\/","og_locale":"fr_FR","og_type":"article","og_title":"Blog","og_description":"Blog de Carolina Ferrer","og_url":"https:\/\/clinicacarolinaferrer.com\/fr\/blog\/","og_site_name":"Cl\u00ednica Dental Carolina Ferrer","article_modified_time":"2025-06-18T15:00:55+00:00","twitter_card":"summary_large_image","twitter_misc":{"Dur\u00e9e de lecture estim\u00e9e":"1 minute"},"schema":{"@context":"https:\/\/schema.org","@graph":[{"@type":"WebPage","@id":"https:\/\/clinicacarolinaferrer.com\/fr\/blog\/","url":"https:\/\/clinicacarolinaferrer.com\/fr\/blog\/","name":"Blog - Cl\u00ednica Dental Carolina Ferrer","isPartOf":{"@id":"https:\/\/clinicacarolinaferrer.com\/#website"},"datePublished":"2025-06-05T17:49:24+00:00","dateModified":"2025-06-18T15:00:55+00:00","description":"Blog de Carolina Ferrer","breadcrumb":{"@id":"https:\/\/clinicacarolinaferrer.com\/fr\/blog\/#breadcrumb"},"inLanguage":"fr-FR","potentialAction":[{"@type":"ReadAction","target":["https:\/\/clinicacarolinaferrer.com\/fr\/blog\/"]}]},{"@type":"BreadcrumbList","@id":"https:\/\/clinicacarolinaferrer.com\/fr\/blog\/#breadcrumb","itemListElement":[{"@type":"ListItem","position":1,"name":"Inicio","item":"https:\/\/clinicacarolinaferrer.com\/fr\/"},{"@type":"ListItem","position":2,"name":"Blog"}]},{"@type":"WebSite","@id":"https:\/\/clinicacarolinaferrer.com\/#website","url":"https:\/\/clinicacarolinaferrer.com\/","name":"Cl\u00ednica Dental Carolina Ferrer","description":"Tu dentista de confianza, referencia en su sector.","publisher":{"@id":"https:\/\/clinicacarolinaferrer.com\/#organization"},"potentialAction":[{"@type":"SearchAction","target":{"@type":"EntryPoint","urlTemplate":"https:\/\/clinicacarolinaferrer.com\/?s={search_term_string}"},"query-input":{"@type":"PropertyValueSpecification","valueRequired":true,"valueName":"search_term_string"}}],"inLanguage":"fr-FR"},{"@type":"Organization","@id":"https:\/\/clinicacarolinaferrer.com\/#organization","name":"Cl\u00ednica Dental Carolina Ferrer","url":"https:\/\/clinicacarolinaferrer.com\/","logo":{"@type":"ImageObject","inLanguage":"fr-FR","@id":"https:\/\/clinicacarolinaferrer.com\/#\/schema\/logo\/image\/","url":"https:\/\/clinicacarolinaferrer.com\/wp-content\/uploads\/2023\/10\/Logo-web@2x.png","contentUrl":"https:\/\/clinicacarolinaferrer.com\/wp-content\/uploads\/2023\/10\/Logo-web@2x.png","width":250,"height":250,"caption":"Cl\u00ednica Dental Carolina Ferrer"},"image":{"@id":"https:\/\/clinicacarolinaferrer.com\/#\/schema\/logo\/image\/"}}]}},"_links":{"self":[{"href":"https:\/\/clinicacarolinaferrer.com\/fr\/wp-json\/wp\/v2\/pages\/3824","targetHints":{"allow":["GET"]}}],"collection":[{"href":"https:\/\/clinicacarolinaferrer.com\/fr\/wp-json\/wp\/v2\/pages"}],"about":[{"href":"https:\/\/clinicacarolinaferrer.com\/fr\/wp-json\/wp\/v2\/types\/page"}],"author":[{"embeddable":true,"href":"https:\/\/clinicacarolinaferrer.com\/fr\/wp-json\/wp\/v2\/users\/1"}],"replies":[{"embeddable":true,"href":"https:\/\/clinicacarolinaferrer.com\/fr\/wp-json\/wp\/v2\/comments?post=3824"}],"version-history":[{"count":13,"href":"https:\/\/clinicacarolinaferrer.com\/fr\/wp-json\/wp\/v2\/pages\/3824\/revisions"}],"predecessor-version":[{"id":3897,"href":"https:\/\/clinicacarolinaferrer.com\/fr\/wp-json\/wp\/v2\/pages\/3824\/revisions\/3897"}],"wp:attachment":[{"href":"https:\/\/clinicacarolinaferrer.com\/fr\/wp-json\/wp\/v2\/media?parent=3824"}],"curies":[{"name":"wp","href":"https:\/\/api.w.org\/{rel}","templated":true}]}}